{"id":399,"date":"2024-04-30T16:00:06","date_gmt":"2024-04-30T16:00:06","guid":{"rendered":"https:\/\/jac.net.br\/site\/?page_id=399"},"modified":"2024-04-30T23:19:07","modified_gmt":"2024-04-30T23:19:07","slug":"quem-somos","status":"publish","type":"page","link":"https:\/\/jac.net.br\/site\/","title":{"rendered":"Quem somos"},"content":{"rendered":"<p>JAC Representa\u00e7\u00f5es e Consultoria Ltda\u00a0\u00e9 uma empresa que atua nos estados do Rio Grande do Norte e Para\u00edba, trazendo para os lojistas as principais tend\u00eancias de moda do pa\u00eds, com destaque para os produtos das marcas\u00a0<a href=\"http:\/\/www.composepijamas.com.br\/\" target=\"_blank\" rel=\"noreferrer noopener\">Compos\u00ea<\/a>\u00a0e\u00a0<a href=\"https:\/\/www.paulienne.com.br\/\" target=\"_blank\" rel=\"noreferrer noopener\">Paulienne<\/a>.<br \/>As cole\u00e7\u00f5es dessas marcas contemplam pijamas, cal\u00e7as, camisetas, blusas, jaquetas, shorts, dentre outros artigos de vestu\u00e1rio, para o p\u00fablico adulto e infantil.<br \/>Recentemente, a empresa JAC Representa\u00e7\u00f5es tamb\u00e9m passou a atuar na venda de copos e garrafas t\u00e9rmicas.<\/p>\n","protected":false},"excerpt":{"rendered":"<p>JAC Representa\u00e7\u00f5es e Consultoria Ltda\u00a0\u00e9 uma empresa que atua nos estados do Rio Grande do Norte e Para\u00edba, trazendo para os lojistas as principais tend\u00eancias de moda do pa\u00eds, com destaque para os produtos das marcas\u00a0Compos\u00ea\u00a0e\u00a0Paulienne.As cole\u00e7\u00f5es dessas marcas contemplam pijamas, cal\u00e7as, camisetas, blusas, jaquetas, shorts, dentre outros artigos de vestu\u00e1rio, para o p\u00fablico adulto [&hellip;]<\/p>\n","protected":false},"author":1,"featured_media":0,"parent":0,"menu_order":0,"comment_status":"closed","ping_status":"closed","template":"","meta":{"footnotes":""},"class_list":["post-399","page","type-page","status-publish","hentry"],"_links":{"self":[{"href":"https:\/\/jac.net.br\/site\/wp-json\/wp\/v2\/pages\/399","targetHints":{"allow":["GET"]}}],"collection":[{"href":"https:\/\/jac.net.br\/site\/wp-json\/wp\/v2\/pages"}],"about":[{"href":"https:\/\/jac.net.br\/site\/wp-json\/wp\/v2\/types\/page"}],"author":[{"embeddable":true,"href":"https:\/\/jac.net.br\/site\/wp-json\/wp\/v2\/users\/1"}],"replies":[{"embeddable":true,"href":"https:\/\/jac.net.br\/site\/wp-json\/wp\/v2\/comments?post=399"}],"version-history":[{"count":13,"href":"https:\/\/jac.net.br\/site\/wp-json\/wp\/v2\/pages\/399\/revisions"}],"predecessor-version":[{"id":415,"href":"https:\/\/jac.net.br\/site\/wp-json\/wp\/v2\/pages\/399\/revisions\/415"}],"wp:attachment":[{"href":"https:\/\/jac.net.br\/site\/wp-json\/wp\/v2\/media?parent=399"}],"curies":[{"name":"wp","href":"https:\/\/api.w.org\/{rel}","templated":true}]}}